{"id":7,"date":"2024-05-26T19:32:42","date_gmt":"2024-05-26T19:32:42","guid":{"rendered":"http:\/\/www.shop-laserart.de\/?page_id=7"},"modified":"2026-02-10T19:57:41","modified_gmt":"2026-02-10T19:57:41","slug":"about-us-2","status":"publish","type":"page","link":"https:\/\/www.shop-laserart.de\/","title":{"rendered":"\u00dcber uns"},"content":{"rendered":"\n<hr class=\"wp-block-separator has-alpha-channel-opacity\"\/>\n\n\n\n<div class=\"wp-block-columns are-vertically-aligned-top emart-promotional-content is-layout-flex wp-container-core-columns-is-layout-9d6595d7 wp-block-columns-is-layout-flex\">\n<div class=\"wp-block-column is-vertically-aligned-top is-layout-flow wp-block-column-is-layout-flow\" style=\"flex-basis:66.66%\">\n<h2 class=\"wp-block-heading has-text-align-left has-x-large-font-size\">Wir erm\u00f6glichen <br>Geschenk-Ideen<\/h2>\n\n\n\n<p><\/p>\n\n\n\n<div class=\"wp-block-columns is-layout-flex wp-container-core-columns-is-layout-9d6595d7 wp-block-columns-is-layout-flex\">\n<div class=\"wp-block-column is-layout-flow wp-block-column-is-layout-flow\">\n<figure class=\"wp-block-image size-large is-style-rounded\"><img loading=\"lazy\" decoding=\"async\" width=\"768\" height=\"1024\" src=\"http:\/\/www.shop-laserart.de\/wp-content\/uploads\/2025\/04\/Foto-05.04.25-20-36-58-1-768x1024.jpg\" alt=\"\" class=\"wp-image-85\" srcset=\"https:\/\/www.shop-laserart.de\/wp-content\/uploads\/2025\/04\/Foto-05.04.25-20-36-58-1-768x1023.jpg 768w, https:\/\/www.shop-laserart.de\/wp-content\/uploads\/2025\/04\/Foto-05.04.25-20-36-58-1-225x300.jpg 225w, https:\/\/www.shop-laserart.de\/wp-content\/uploads\/2025\/04\/Foto-05.04.25-20-36-58-1-1153x1536.jpg 1153w, https:\/\/www.shop-laserart.de\/wp-content\/uploads\/2025\/04\/Foto-05.04.25-20-36-58-1-1537x2048.jpg 1537w, https:\/\/www.shop-laserart.de\/wp-content\/uploads\/2025\/04\/Foto-05.04.25-20-36-58-1.jpg 1576w\" sizes=\"auto, (max-width: 768px) 100vw, 768px\" \/><\/figure>\n<\/div>\n\n\n\n<div class=\"wp-block-column is-layout-flow wp-block-column-is-layout-flow\">\n<p class=\"has-text-align-center\" style=\"font-size:25px\"><strong>Gravuren- oder Laserkunst ganz nach Ihren Vorlagen oder W\u00fcnschen.<\/strong><\/p>\n\n\n\n<p class=\"has-text-align-center\">Melden Sie sich mit Ihrem Anliegen gern per Mail. <\/p>\n\n\n\n<p class=\"has-text-align-center\">info@shop-LaseraRT.de<\/p>\n<\/div>\n<\/div>\n<\/div>\n<\/div>\n\n\n\n<hr class=\"wp-block-separator has-alpha-channel-opacity\"\/>\n\n\n\n<details class=\"wp-block-details is-layout-flow wp-block-details-is-layout-flow\"><summary>Eine kleine \u00dcbersicht ausgew\u00e4hlter Projektbeispiele:<\/summary>\n<ul class=\"wp-block-list\">\n<li>Gravur oder Laserausschnitt von Venyl-Schallplatten<\/li>\n<\/ul>\n\n\n\n<ul class=\"wp-block-list\">\n<li>Gravuren auf div. Holzartikeln<\/li>\n<\/ul>\n\n\n\n<ul class=\"wp-block-list\">\n<li>diverse Laserausschnitte <\/li>\n<\/ul>\n<\/details>\n\n\n\n<figure class=\"wp-block-gallery has-nested-images columns-default is-cropped wp-block-gallery-1 is-layout-flex wp-block-gallery-is-layout-flex\">\n<figure class=\"wp-block-image size-full\"><img loading=\"lazy\" decoding=\"async\" width=\"958\" height=\"998\" data-id=\"100\" src=\"https:\/\/www.shop-laserart.de\/wp-content\/uploads\/2025\/08\/Beispiel_2.jpg\" alt=\"\" class=\"wp-image-100\" srcset=\"https:\/\/www.shop-laserart.de\/wp-content\/uploads\/2025\/08\/Beispiel_2.jpg 958w, https:\/\/www.shop-laserart.de\/wp-content\/uploads\/2025\/08\/Beispiel_2-288x300.jpg 288w, https:\/\/www.shop-laserart.de\/wp-content\/uploads\/2025\/08\/Beispiel_2-768x800.jpg 768w\" sizes=\"auto, (max-width: 958px) 100vw, 958px\" \/><\/figure>\n\n\n\n<figure class=\"wp-block-image size-large\"><img loading=\"lazy\" decoding=\"async\" width=\"768\" height=\"1024\" data-id=\"98\" src=\"http:\/\/www.shop-laserart.de\/wp-content\/uploads\/2025\/08\/IMG_7972_safe-768x1024.jpg\" alt=\"\" class=\"wp-image-98\" srcset=\"https:\/\/www.shop-laserart.de\/wp-content\/uploads\/2025\/08\/IMG_7972_safe-768x1024.jpg 768w, https:\/\/www.shop-laserart.de\/wp-content\/uploads\/2025\/08\/IMG_7972_safe-225x300.jpg 225w, https:\/\/www.shop-laserart.de\/wp-content\/uploads\/2025\/08\/IMG_7972_safe-1152x1536.jpg 1152w, https:\/\/www.shop-laserart.de\/wp-content\/uploads\/2025\/08\/IMG_7972_safe-1536x2048.jpg 1536w, https:\/\/www.shop-laserart.de\/wp-content\/uploads\/2025\/08\/IMG_7972_safe-scaled.jpg 1920w\" sizes=\"auto, (max-width: 768px) 100vw, 768px\" \/><figcaption class=\"wp-element-caption\">Baumscheibe 30x30cm<\/figcaption><\/figure>\n\n\n\n<figure class=\"wp-block-image size-large\"><img loading=\"lazy\" decoding=\"async\" width=\"707\" height=\"1024\" data-id=\"95\" src=\"https:\/\/www.shop-laserart.de\/wp-content\/uploads\/2025\/08\/Foto-05.05.24-19-35-59-1-707x1024.jpg\" alt=\"\" class=\"wp-image-95\" srcset=\"https:\/\/www.shop-laserart.de\/wp-content\/uploads\/2025\/08\/Foto-05.05.24-19-35-59-1-707x1024.jpg 707w, https:\/\/www.shop-laserart.de\/wp-content\/uploads\/2025\/08\/Foto-05.05.24-19-35-59-1-207x300.jpg 207w, https:\/\/www.shop-laserart.de\/wp-content\/uploads\/2025\/08\/Foto-05.05.24-19-35-59-1-768x1112.jpg 768w, https:\/\/www.shop-laserart.de\/wp-content\/uploads\/2025\/08\/Foto-05.05.24-19-35-59-1-1061x1536.jpg 1061w, https:\/\/www.shop-laserart.de\/wp-content\/uploads\/2025\/08\/Foto-05.05.24-19-35-59-1.jpg 1354w\" sizes=\"auto, (max-width: 707px) 100vw, 707px\" \/><\/figure>\n\n\n\n<figure class=\"wp-block-image size-large\"><img loading=\"lazy\" decoding=\"async\" width=\"1024\" height=\"768\" data-id=\"94\" src=\"https:\/\/www.shop-laserart.de\/wp-content\/uploads\/2025\/08\/Foto-05.08.24-20-37-01-1024x768.jpg\" alt=\"\" class=\"wp-image-94\" srcset=\"https:\/\/www.shop-laserart.de\/wp-content\/uploads\/2025\/08\/Foto-05.08.24-20-37-01-1024x768.jpg 1024w, https:\/\/www.shop-laserart.de\/wp-content\/uploads\/2025\/08\/Foto-05.08.24-20-37-01-300x225.jpg 300w, https:\/\/www.shop-laserart.de\/wp-content\/uploads\/2025\/08\/Foto-05.08.24-20-37-01-768x576.jpg 768w, https:\/\/www.shop-laserart.de\/wp-content\/uploads\/2025\/08\/Foto-05.08.24-20-37-01-1536x1152.jpg 1536w, https:\/\/www.shop-laserart.de\/wp-content\/uploads\/2025\/08\/Foto-05.08.24-20-37-01-2048x1536.jpg 2048w\" sizes=\"auto, (max-width: 1024px) 100vw, 1024px\" \/><\/figure>\n\n\n\n<figure class=\"wp-block-image size-large is-resized is-style-default\"><img loading=\"lazy\" decoding=\"async\" width=\"768\" height=\"1024\" data-id=\"121\" src=\"http:\/\/www.shop-laserart.de\/wp-content\/uploads\/2025\/10\/IMG_9165-1-edited-768x1024.jpg\" alt=\"\" class=\"wp-image-121\" style=\"width:312px;height:auto\" srcset=\"https:\/\/www.shop-laserart.de\/wp-content\/uploads\/2025\/10\/IMG_9165-1-edited-768x1024.jpg 768w, https:\/\/www.shop-laserart.de\/wp-content\/uploads\/2025\/10\/IMG_9165-1-edited-225x300.jpg 225w, https:\/\/www.shop-laserart.de\/wp-content\/uploads\/2025\/10\/IMG_9165-1-edited-1152x1536.jpg 1152w, https:\/\/www.shop-laserart.de\/wp-content\/uploads\/2025\/10\/IMG_9165-1-edited-1536x2048.jpg 1536w, https:\/\/www.shop-laserart.de\/wp-content\/uploads\/2025\/10\/IMG_9165-1-edited-scaled.jpg 1920w\" sizes=\"auto, (max-width: 768px) 100vw, 768px\" \/><\/figure>\n\n\n\n<figure class=\"wp-block-image size-large is-resized\"><img loading=\"lazy\" decoding=\"async\" width=\"768\" height=\"1024\" data-id=\"119\" src=\"https:\/\/www.shop-laserart.de\/wp-content\/uploads\/2025\/10\/IMG_9164-1-768x1024.jpg\" alt=\"\" class=\"wp-image-119\" style=\"width:311px;height:auto\" srcset=\"https:\/\/www.shop-laserart.de\/wp-content\/uploads\/2025\/10\/IMG_9164-1-768x1024.jpg 768w, https:\/\/www.shop-laserart.de\/wp-content\/uploads\/2025\/10\/IMG_9164-1-225x300.jpg 225w, https:\/\/www.shop-laserart.de\/wp-content\/uploads\/2025\/10\/IMG_9164-1-1152x1536.jpg 1152w, https:\/\/www.shop-laserart.de\/wp-content\/uploads\/2025\/10\/IMG_9164-1-1536x2048.jpg 1536w, https:\/\/www.shop-laserart.de\/wp-content\/uploads\/2025\/10\/IMG_9164-1-scaled.jpg 1920w\" sizes=\"auto, (max-width: 768px) 100vw, 768px\" \/><\/figure>\n\n\n\n<figure class=\"wp-block-image size-large\"><img loading=\"lazy\" decoding=\"async\" width=\"768\" height=\"1024\" data-id=\"127\" src=\"https:\/\/www.shop-laserart.de\/wp-content\/uploads\/2025\/10\/IMG_0338-1-768x1024.jpg\" alt=\"\" class=\"wp-image-127\" srcset=\"https:\/\/www.shop-laserart.de\/wp-content\/uploads\/2025\/10\/IMG_0338-1-768x1024.jpg 768w, https:\/\/www.shop-laserart.de\/wp-content\/uploads\/2025\/10\/IMG_0338-1-225x300.jpg 225w, https:\/\/www.shop-laserart.de\/wp-content\/uploads\/2025\/10\/IMG_0338-1-1152x1536.jpg 1152w, https:\/\/www.shop-laserart.de\/wp-content\/uploads\/2025\/10\/IMG_0338-1-1536x2048.jpg 1536w, https:\/\/www.shop-laserart.de\/wp-content\/uploads\/2025\/10\/IMG_0338-1-scaled.jpg 1920w\" sizes=\"auto, (max-width: 768px) 100vw, 768px\" \/><\/figure>\n\n\n\n<figure class=\"wp-block-image size-large\"><img loading=\"lazy\" decoding=\"async\" width=\"768\" height=\"1024\" data-id=\"130\" src=\"https:\/\/www.shop-laserart.de\/wp-content\/uploads\/2025\/10\/IMG_9162-1-edited-2-768x1024.jpg\" alt=\"\" class=\"wp-image-130\" srcset=\"https:\/\/www.shop-laserart.de\/wp-content\/uploads\/2025\/10\/IMG_9162-1-edited-2-768x1024.jpg 768w, https:\/\/www.shop-laserart.de\/wp-content\/uploads\/2025\/10\/IMG_9162-1-edited-2-225x300.jpg 225w, https:\/\/www.shop-laserart.de\/wp-content\/uploads\/2025\/10\/IMG_9162-1-edited-2-1152x1536.jpg 1152w, https:\/\/www.shop-laserart.de\/wp-content\/uploads\/2025\/10\/IMG_9162-1-edited-2-1536x2048.jpg 1536w, https:\/\/www.shop-laserart.de\/wp-content\/uploads\/2025\/10\/IMG_9162-1-edited-2-scaled.jpg 1920w\" sizes=\"auto, (max-width: 768px) 100vw, 768px\" \/><\/figure>\n\n\n\n<figure class=\"wp-block-image size-large\"><img loading=\"lazy\" decoding=\"async\" width=\"768\" height=\"1024\" data-id=\"123\" src=\"https:\/\/www.shop-laserart.de\/wp-content\/uploads\/2025\/10\/IMG_9168-1-768x1024.jpg\" alt=\"\" class=\"wp-image-123\" srcset=\"https:\/\/www.shop-laserart.de\/wp-content\/uploads\/2025\/10\/IMG_9168-1-768x1024.jpg 768w, https:\/\/www.shop-laserart.de\/wp-content\/uploads\/2025\/10\/IMG_9168-1-225x300.jpg 225w, https:\/\/www.shop-laserart.de\/wp-content\/uploads\/2025\/10\/IMG_9168-1-1152x1536.jpg 1152w, https:\/\/www.shop-laserart.de\/wp-content\/uploads\/2025\/10\/IMG_9168-1-1536x2048.jpg 1536w, https:\/\/www.shop-laserart.de\/wp-content\/uploads\/2025\/10\/IMG_9168-1-scaled.jpg 1920w\" sizes=\"auto, (max-width: 768px) 100vw, 768px\" \/><\/figure>\n<\/figure>\n\n\n\n<div class=\"wp-block-columns is-layout-flex wp-container-core-columns-is-layout-9d6595d7 wp-block-columns-is-layout-flex\">\n<div class=\"wp-block-column is-layout-flow wp-block-column-is-layout-flow\" style=\"flex-basis:100%\">\n<figure class=\"wp-block-gallery has-nested-images columns-default is-cropped wp-block-gallery-2 is-layout-flex wp-block-gallery-is-layout-flex\"><\/figure>\n<\/div>\n<\/div>\n\n\n<h1><strong>&#8230;<\/strong><\/h1>\n<p>&nbsp;<\/p>\n<p>&nbsp;<\/p>\n\n\n<hr class=\"wp-block-separator has-css-opacity is-style-default\"\/>\n\n\n\n<p><\/p>\n\n\n\n<h2 class=\"wp-block-heading\">Testimonials\/Kommentare<\/h2>\n\n\n\n<blockquote class=\"wp-block-quote has-text-align-center is-style-large is-layout-flow wp-block-quote-is-layout-flow\">\n<p>\u201eIch bin absolut begeistert von meinem personalisierten Untersetzer! Die Gravur ist wundersch\u00f6n und pr\u00e4zise gearbeitet \u2013 genau so, wie ich es mir vorgestellt habe. Ein echtes Highlight in meinem Zuhause und auch eine tolle Geschenkidee. Vielen Dank f\u00fcr die gro\u00dfartige Arbeit und die schnelle Lieferung!&#8220;.<\/p>\n<cite>\u2013 Birgit P. <em>\u2013 <\/em><\/cite><\/blockquote>\n\n\n\n<p><\/p>\n\n\n\n<hr class=\"wp-block-separator has-css-opacity is-style-default\"\/>\n\n\n\n<div class=\"wp-block-group\"><div class=\"wp-block-group__inner-container is-layout-constrained wp-block-group-is-layout-constrained\"><\/div><\/div>\n\n\n\n<blockquote class=\"wp-block-quote has-text-align-center is-style-large is-layout-flow wp-block-quote-is-layout-flow\">\n<p>\u201eDer Schl\u00fcsselanh\u00e4nger mit meiner Wunschgravur ist einfach perfekt geworden! Die Details der Gravur sind unglaublich fein und die Qualit\u00e4t des Materials ist gut. Es ist ein tolles, individuelles Accessoire, das nicht nur praktisch ist, sondern auch stilvoll aussieht. Ich kann es nur weiterempfehlen!\u201c<\/p>\n<cite>\u2013 Andreas \u2013 <\/cite><\/blockquote>\n\n\n\n<hr class=\"wp-block-separator has-css-opacity is-style-default\"\/>\n\n\n\n<p><\/p>\n","protected":false},"excerpt":{"rendered":"<p>&#8230;<\/p>\n","protected":false},"author":1,"featured_media":0,"parent":0,"menu_order":0,"comment_status":"open","ping_status":"closed","template":"","meta":{"footnotes":""},"class_list":["post-7","page","type-page","status-publish","hentry"],"_links":{"self":[{"href":"https:\/\/www.shop-laserart.de\/index.php?rest_route=\/wp\/v2\/pages\/7","targetHints":{"allow":["GET"]}}],"collection":[{"href":"https:\/\/www.shop-laserart.de\/index.php?rest_route=\/wp\/v2\/pages"}],"about":[{"href":"https:\/\/www.shop-laserart.de\/index.php?rest_route=\/wp\/v2\/types\/page"}],"author":[{"embeddable":true,"href":"https:\/\/www.shop-laserart.de\/index.php?rest_route=\/wp\/v2\/users\/1"}],"replies":[{"embeddable":true,"href":"https:\/\/www.shop-laserart.de\/index.php?rest_route=%2Fwp%2Fv2%2Fcomments&post=7"}],"version-history":[{"count":19,"href":"https:\/\/www.shop-laserart.de\/index.php?rest_route=\/wp\/v2\/pages\/7\/revisions"}],"predecessor-version":[{"id":135,"href":"https:\/\/www.shop-laserart.de\/index.php?rest_route=\/wp\/v2\/pages\/7\/revisions\/135"}],"wp:attachment":[{"href":"https:\/\/www.shop-laserart.de\/index.php?rest_route=%2Fwp%2Fv2%2Fmedia&parent=7"}],"curies":[{"name":"wp","href":"https:\/\/api.w.org\/{rel}","templated":true}]}}